{"id":2264,"date":"2025-10-09T01:15:09","date_gmt":"2025-10-09T01:15:09","guid":{"rendered":"https:\/\/www.grecatravels.com\/?post_type=product&#038;p=2264"},"modified":"2026-02-10T02:13:15","modified_gmt":"2026-02-10T02:13:15","slug":"maravillas-yucatan","status":"publish","type":"product","link":"https:\/\/www.grecatravels.com\/en\/tours\/maravillas-yucatan\/","title":{"rendered":"Wonders of Yucat\u00e1n"},"content":{"rendered":"<h2>DISCOVER THE WONDERS OF YUCATAN FROM CANCUN<\/h2>\n<p class=\"p1\">Escape the routine and enjoy an unforgettable experience in Yucat\u00e1n. On this 5-day tour, you'll have the chance to stroll through the charming streets of downtown M\u00e9rida, explore the wonders of ancient archaeological sites, and dive into the crystal-clear waters of stunning cenotes. Surround yourself with nature, admire the local flora and fauna, and indulge in the exquisite flavors of Yucat\u00e1n's cuisine. Whether you're traveling as a couple, with friends, or with family, this is a fantastic option to enjoy a perfect weekend getaway.<\/p>\n<p>Price from: <strong>$ per person<\/strong><\/p>\n<p>Date: <strong>\u2022\u00a0 2026.<br \/>\n<\/strong>Duration: <strong>5 days \/ 4 nights<\/strong><\/p>\n<table class=\"table table-bordered tours-tabs__table\">\n<tbody>\n<tr>\n<td><strong>INCLUDES<\/strong><\/td>\n<td><i class=\"fa fa-check icon-tick icon-tick--on\"><\/i>Transfers Hotel \u2013 Maya Train<br \/>\n<i class=\"fa fa-check icon-tick icon-tick--on\"><\/i>Train ticket in Premier class (Canc\u00fan \u2013 Chich\u00e9n Itz\u00e1)<br \/>\n<i class=\"fa fa-check icon-tick icon-tick--on\"><\/i> 2 nights of accommodation in M\u00e9rida<br \/>\n<span style=\"font-family: inherit; font-size: inherit;\"><span style=\"font-family: inherit; font-size: inherit;\"><i class=\"fa fa-check icon-tick icon-tick--on\"><\/i>1 night of accommodation in Valladolid<br \/>\n<\/span><\/span><span style=\"font-family: inherit; font-size: inherit;\"><span style=\"font-family: inherit; font-size: inherit;\"><i class=\"fa fa-check icon-tick icon-tick--on\"><\/i> 1 night of accommodation in R\u00edo Lagartos or Tizim\u00edn<br \/>\n<\/span><\/span><i class=\"fa fa-check icon-tick icon-tick--on\"><\/i> Guided tour of the archaeological site of Chich\u00e9n Itz\u00e1<br \/>\n<i class=\"fa fa-check icon-tick icon-tick--on\"><\/i> Entrance and guided visit to the Mayan Sanctuary, including changing rooms, restrooms, cenote, traditional Mayan house, workshops, and life jacket (mandatory use).<br \/>\n<i class=\"fa fa-check icon-tick icon-tick--on\"><\/i> 4 breakfasts<br \/>\n<i class=\"fa fa-check icon-tick icon-tick--on\"><\/i> 1 lunch<br \/>\n<i class=\"fa fa-check icon-tick icon-tick--on\"><\/i> Tour guide<br \/>\n<i class=\"fa fa-check icon-tick icon-tick--on\"><\/i> Ground transportation<br \/>\n<i class=\"fa fa-check icon-tick icon-tick--on\"><\/i> Boat ride for 6\u20138 people, including birdwatching and Mayan bath<br \/>\n<i class=\"fa fa-check icon-tick icon-tick--on\"><\/i> Guided visit to Las Coloradas<br \/>\n<i class=\"fa fa-check icon-tick icon-tick--on\"><\/i> Guided <span style=\"font-family: inherit; font-size: inherit;\">tour of Izamal<br \/>\n<\/span><i class=\"fa fa-check icon-tick icon-tick--on\"><\/i> Transfer M\u00e9rida \u2013 Canc\u00fan<span style=\"font-family: inherit; font-size: inherit;\"><br \/>\n<\/span><i class=\"fa fa-check icon-tick icon-tick--on\"><\/i>Travel assistance insurance<\/td>\n<\/tr>\n<tr>\n<td><strong>NOT INCLUDED<\/strong><\/td>\n<td><i class=\"fa fa-times icon-tick icon-tick--off\"><\/i> Meals and drinks not included<br \/>\n<i class=\"fa fa-times icon-tick icon-tick--off\"><\/i> Tips for waiters, drivers, and\/or guides<br \/>\n<i class=\"fa fa-times icon-tick icon-tick--off\"><\/i> Optional tours<br \/>\n<i class=\"fa fa-times icon-tick icon-tick--off\"><\/i> Personal expenses<\/td>\n<\/tr>\n<\/tbody>\n<\/table>\n<p>&nbsp;<\/p>\n<p style=\"text-align: center;\">Price and availability subject to change without notice.<\/p>\n<p style=\"text-align: center;\"><strong style=\"text-align: center;\">If you need more information or want to book, please contact us.<\/strong><\/p>\n<p style=\"text-align: center;\"><a href=\"https:\/\/www.grecatravels.com\/en\/reservar\/\" class=\"atbtn atbtn--primary atbtn--medium atbtn--light\">Book Now<\/a><\/p>","protected":false},"excerpt":{"rendered":"<p>MARAVILLAS DE YUCAT\u00c1N DESDE CANC\u00daN Escapa de la rutina y vive una experiencia inolvidable en Yucat\u00e1n. En este tour de 5 d\u00edas tendr\u00e1s la oportunidad de recorrer las hermosas calles del centro de M\u00e9rida, descubrir las maravillas de sus zonas arqueol\u00f3gicas o de sumergirte en el agua cristalina de sus cenotes, estar en la naturaleza,<\/p>\n<div class=\"padding-top text-center\"><a href=\"https:\/\/www.grecatravels.com\/en\/tours\/maravillas-yucatan\/\" class=\"atbtn atbtn--medium atbtn--rounded atbtn--transparent\">Leer m\u00e1s<i class=\"atbtn__icon atbtn__icon--right fa fa-long-arrow-right\"><\/i><\/a><\/div>","protected":false},"featured_media":2265,"comment_status":"closed","ping_status":"closed","template":"","meta":[],"product_brand":[],"product_cat":[63],"product_tag":[],"class_list":{"0":"post-2264","1":"product","2":"type-product","3":"status-publish","4":"has-post-thumbnail","6":"product_cat-tour","7":"tour_category-meridayucatan","9":"first","10":"instock","11":"shipping-taxable","12":"product-type-tour"},"jetpack_sharing_enabled":true,"_links":{"self":[{"href":"https:\/\/www.grecatravels.com\/en\/wp-json\/wp\/v2\/product\/2264","targetHints":{"allow":["GET"]}}],"collection":[{"href":"https:\/\/www.grecatravels.com\/en\/wp-json\/wp\/v2\/product"}],"about":[{"href":"https:\/\/www.grecatravels.com\/en\/wp-json\/wp\/v2\/types\/product"}],"replies":[{"embeddable":true,"href":"https:\/\/www.grecatravels.com\/en\/wp-json\/wp\/v2\/comments?post=2264"}],"wp:featuredmedia":[{"embeddable":true,"href":"https:\/\/www.grecatravels.com\/en\/wp-json\/wp\/v2\/media\/2265"}],"wp:attachment":[{"href":"https:\/\/www.grecatravels.com\/en\/wp-json\/wp\/v2\/media?parent=2264"}],"wp:term":[{"taxonomy":"product_brand","embeddable":true,"href":"https:\/\/www.grecatravels.com\/en\/wp-json\/wp\/v2\/product_brand?post=2264"},{"taxonomy":"product_cat","embeddable":true,"href":"https:\/\/www.grecatravels.com\/en\/wp-json\/wp\/v2\/product_cat?post=2264"},{"taxonomy":"product_tag","embeddable":true,"href":"https:\/\/www.grecatravels.com\/en\/wp-json\/wp\/v2\/product_tag?post=2264"}],"curies":[{"name":"wp","href":"https:\/\/api.w.org\/{rel}","templated":true}]}}