{"id":2422,"date":"2026-03-31T16:48:58","date_gmt":"2026-03-31T16:48:58","guid":{"rendered":"https:\/\/www.grecatravels.com\/?post_type=product&#038;p=2422"},"modified":"2026-04-13T04:44:38","modified_gmt":"2026-04-13T04:44:38","slug":"machu-picchu-montana-7-colores","status":"publish","type":"product","link":"https:\/\/www.grecatravels.com\/en\/tours\/machu-picchu-montana-7-colores\/","title":{"rendered":"Machu Picchu and The 7 colored Mountain."},"content":{"rendered":"<h2>Machu Picchu and The 7 colored Mountain.<\/h2>\n<p>Price from: <strong>$988 USD + $488 USD tax<\/strong><\/p>\n<p>Date: <strong>\u00a0September 12, 2026.<\/strong><br \/>\nDuration: <strong>\u00a08 days \/ 6 nights<\/strong><\/p>\n<p><!--more--><\/p>\n<table class=\"table table-bordered tours-tabs__table\">\n<tbody>\n<tr>\n<td>\n<h4>INCLUDES<\/h4>\n<\/td>\n<td><i class=\"fa fa-check icon-tick icon-tick--on\"><\/i>Flight Mexico City \u2013 Lima \u2013 Mexico City in economy class, including a 23 kg checked baggage allowance.<br \/>\n<i class=\"fa fa-check icon-tick icon-tick--on\"><\/i>Flight Lima \u2013 Cusco \u2013 Lima in economy class, including a 23 kg checked baggage allowance.<br \/>\n<i class=\"fa fa-check icon-tick icon-tick--on\"><\/i>6 nights of accommodation in 4-star hotels.<br \/>\n<i class=\"fa fa-check icon-tick icon-tick--on\"><\/i>Daily breakfasts included.<br \/>\n<i class=\"fa fa-check icon-tick icon-tick--on\"><\/i>Airport \u2013 hotel \u2013 airport transfers.<br \/>\n<i class=\"fa fa-check icon-tick icon-tick--on\"><\/i>Visits and excursions with local Spanish-speaking guides.<span class=\"s2\" style=\"font-family: inherit; font-size: inherit;\"><b><br \/>\n<\/b><i class=\"fa fa-check icon-tick icon-tick--on\"><\/i>Visit to the Sacred Valley of the Incas with lunch (beverages not included).<\/span><br \/>\n<i class=\"fa fa-check icon-tick icon-tick--on\"><\/i>Excursion to Machu Picchu with lunch (beverages not included).<br \/>\n<i class=\"fa fa-check icon-tick icon-tick--on\"><\/i>Excursion to the Rainbow Mountain (Vinicunca) with lunch (beverages not included).<br \/>\n<i class=\"fa fa-check icon-tick icon-tick--on\"><\/i>Hotel \/ train station \/ hotel transfer.<br \/>\n<i class=\"fa fa-check icon-tick icon-tick--on\"><\/i>Expedition train ticket (round trip).<br \/>\n<i class=\"fa fa-check icon-tick icon-tick--on\"><\/i>1 bus ida\/retorno de Machu Picchu<br \/>\n<i class=\"fa fa-check icon-tick icon-tick--on\"><\/i>1 entrada a Machu Picchu con visita guiada<\/td>\n<\/tr>\n<tr>\n<td>\n<h4>NOT INCLUDED<\/h4>\n<\/td>\n<td><i class=\"fa fa-times icon-tick icon-tick--off\"><\/i>Air taxes of 488 USD.<br \/>\n<i class=\"fa fa-times icon-tick icon-tick--off\"><\/i>Personal expenses.<br \/>\n<i class=\"fa fa-times icon-tick icon-tick--off\"><\/i>Tips<br \/>\n<i class=\"fa fa-times icon-tick icon-tick--off\"><\/i>nything not explicitly mentioned as included.<br \/>\n<i class=\"fa fa-times icon-tick icon-tick--off\"><\/i>Optional excursions.<br \/>\n<i class=\"fa fa-times icon-tick icon-tick--off\"><\/i>Departure supplement of 418 USD (September 12, 2026).<\/td>\n<\/tr>\n<\/tbody>\n<\/table>\n<p><strong>PLANNED HOTELS<\/strong><\/p>\n<table class=\"table table-bordered tours-tabs__table\">\n<tbody>\n<tr>\n<td><strong>CITY<\/strong><\/td>\n<td><strong>HOTEL<\/strong><\/td>\n<td><strong>CATEGORY<\/strong><\/td>\n<td><\/td>\n<\/tr>\n<tr>\n<td><strong>LIMA<\/strong><\/td>\n<td>JOSE ANTONIO LIMA SAN AGUST\u00cdN EXCLUSIVE<\/td>\n<td>4*<\/td>\n<\/tr>\n<tr>\n<td><strong>CUSCO<\/strong><\/td>\n<td>SAN AGUST\u00cdN CUSCO JOSE ANTONIO CUSCO<\/td>\n<td>4*<\/td>\n<\/tr>\n<tr>\n<td><strong>VALLE SAGRADO<\/strong><\/td>\n<td>SAN AGUSTIN RECOLETA CASA ANDINA PREMIUM VALLE<\/td>\n<td>4*<\/td>\n<\/tr>\n<\/tbody>\n<\/table>\n<p><strong>PRICES IN USD<\/strong><\/p>\n<table class=\"table table-bordered\">\n<thead>\n<tr>\n<th>CATEGORY<\/th>\n<th>SIMPLE<\/th>\n<th>DOBLE<\/th>\n<th>TRIPLE<\/th>\n<\/tr>\n<\/thead>\n<tbody>\n<tr>\n<td>4*<\/td>\n<td>$ 1,418 USD<\/td>\n<td>$ 988 USD<\/td>\n<td>$ 988 USD<\/td>\n<\/tr>\n<\/tbody>\n<\/table>\n<p>&nbsp;<\/p>\n<p class=\"p1\"><b>NOTES:<\/b><\/p>\n<p>BOOKING PROCESS.<\/p>\n<p>To secure the reservation, the following is required:<\/p>\n<p>A deposit of $300.00 USD per person and a copy of valid passports are required. The deposit is non-refundable in case of cancellation.<\/p>\n<p>2.-  A second payment of $800.00 USD per person is required 70 days prior to departure.<\/p>\n<p>3.- Full payment is due 45 days prior to departure.<\/p>\n<p>Rates published for low season, which must be booked at least 3 months in advance; please note that they are subject to air and land availability. Hotels are confirmed days before the departure date and may be as planned or similar. Prices are subject to change without prior notice.<\/p>\n<p>In this quotation, no expenses are included that may arise from or be caused by issues beyond the control of the travel organization, such as natural disasters, accidents, medical evacuation, flight cancellations, delays or schedule changes, strikes, bankruptcies, evacuation due to war or political issues within the countries, border closures, pandemics, etc. These expenses will be covered directly by the passenger.<\/p>\n<p>AS\u00cd MISMO EL OPERADOR EN DESTINO PUEDE CAMBIAR O MODIFICAR EL ORDEN DE DICHO ITINERARIO PARA UNA MEJOR OPERACI\u00d3N POR CUESTIONES AJENAS A SU CONTROL COMO MANIFESTACIONES, CONDICIONES CLIM\u00c1TICAS DEL LUGAR, FIESTAS RELIGIOSAS, CONGRESOS O EVENTOS, ETC\u2026 TRATANDO DE RESPETAR EN LO POSIBLE EL CONTENIDO.<\/p>\n<p>We reserve the right to adjust prices at any time due to possible increases in costs, such as fuel surcharges applied by airlines and\/or transport companies. The closer the departure date, the higher the quotation will be. It is recommended to make the reservation at least 3 months or more in advance.<\/p>\n<p>&nbsp;<\/p>\n<p style=\"text-align: center;\"><strong>If you need more information or want to book, please contact us.<\/strong><br \/>\n<a href=\"https:\/\/www.grecatravels.com\/en\/reservar\/\" class=\"atbtn atbtn--primary atbtn--medium atbtn--light\">Book Now<\/a><\/p>","protected":false},"excerpt":{"rendered":"<p>Machu Picchu y Monta\u00f1a de 7 colores Precio desde: $ 988 USD + $ 488 USD IMP Fecha: \u00a0Septiembre 12, 2026. Duraci\u00f3n: \u00a08 d\u00edas \/ 6 noches<\/p>","protected":false},"featured_media":2475,"comment_status":"closed","ping_status":"closed","template":"","meta":[],"product_brand":[],"product_cat":[65],"product_tag":[],"class_list":{"0":"post-2422","1":"product","2":"type-product","3":"status-publish","4":"has-post-thumbnail","6":"product_cat-viajes","7":"tour_category-destinos","9":"first","10":"instock","11":"shipping-taxable","12":"purchasable","13":"product-type-tour"},"jetpack_sharing_enabled":true,"_links":{"self":[{"href":"https:\/\/www.grecatravels.com\/en\/wp-json\/wp\/v2\/product\/2422","targetHints":{"allow":["GET"]}}],"collection":[{"href":"https:\/\/www.grecatravels.com\/en\/wp-json\/wp\/v2\/product"}],"about":[{"href":"https:\/\/www.grecatravels.com\/en\/wp-json\/wp\/v2\/types\/product"}],"replies":[{"embeddable":true,"href":"https:\/\/www.grecatravels.com\/en\/wp-json\/wp\/v2\/comments?post=2422"}],"wp:featuredmedia":[{"embeddable":true,"href":"https:\/\/www.grecatravels.com\/en\/wp-json\/wp\/v2\/media\/2475"}],"wp:attachment":[{"href":"https:\/\/www.grecatravels.com\/en\/wp-json\/wp\/v2\/media?parent=2422"}],"wp:term":[{"taxonomy":"product_brand","embeddable":true,"href":"https:\/\/www.grecatravels.com\/en\/wp-json\/wp\/v2\/product_brand?post=2422"},{"taxonomy":"product_cat","embeddable":true,"href":"https:\/\/www.grecatravels.com\/en\/wp-json\/wp\/v2\/product_cat?post=2422"},{"taxonomy":"product_tag","embeddable":true,"href":"https:\/\/www.grecatravels.com\/en\/wp-json\/wp\/v2\/product_tag?post=2422"}],"curies":[{"name":"wp","href":"https:\/\/api.w.org\/{rel}","templated":true}]}}